{"id":7,"date":"2016-04-27T17:38:55","date_gmt":"2016-04-27T17:38:55","guid":{"rendered":"http:\/\/clis.co\/en\/?page_id=7"},"modified":"2016-08-27T08:17:05","modified_gmt":"2016-08-27T08:17:05","slug":"acerca","status":"publish","type":"page","link":"http:\/\/clis.co\/en\/acerca\/","title":{"rendered":"Acerca"},"content":{"rendered":"<p style=\"text-align: justify;\">CLIS (COMPLEJO LOGISTICO E INDUSTRIAL SIBERIA), ubicado en COTA-CUNDINAMARCA-COLOMBIA, se estableci\u00f3 en el 2008, como el resultado de la uni\u00f3n de 3 firmas con amplia experiencia en el sector industrial, log\u00edstico y de construcci\u00f3n. Con m\u00e1s de 127,000 m<sup>2<\/sup> ofrece espacios modulares y flexibles para cada uno de sus usuarios a trav\u00e9s de los m\u00e1s de 68,000 m<sup>2<\/sup> de \u00e1rea construida.<\/p>\n<p style=\"text-align: justify;\">Para el proceso de estructuraci\u00f3n, desarrollo y construcci\u00f3n del proyecto se cont\u00f3 con la alianza estrat\u00e9gica de estas estas tres empresas:<\/p>\n<p align=\"center\"><a href=\"http:\/\/www.promocon.net\/\" target=\"_blank\"><img loading=\"lazy\" decoding=\"async\" class=\"alignnone size-medium wp-image-106\" src=\"http:\/\/clis.co\/en\/wp-content\/uploads\/2016\/04\/promocon-300x103.png\" alt=\"promocon\" width=\"300\" height=\"103\" srcset=\"http:\/\/clis.co\/en\/wp-content\/uploads\/2016\/04\/promocon-300x103.png 300w, http:\/\/clis.co\/en\/wp-content\/uploads\/2016\/04\/promocon.png 331w\" sizes=\"auto, (max-width: 300px) 100vw, 300px\" \/><\/a><a href=\"http:\/\/gonanco.com\/\" target=\"_blank\">\u00a0\u00a0<img loading=\"lazy\" decoding=\"async\" class=\"alignnone wp-image-107\" src=\"http:\/\/clis.co\/en\/wp-content\/uploads\/2016\/04\/gonanco-300x65.png\" alt=\"gonanco\" width=\"250\" height=\"54\" \/><\/a>\u00a0\u00a0<a href=\"http:\/\/www.soinda.com\/\" target=\"_blank\"><img loading=\"lazy\" decoding=\"async\" class=\"alignnone wp-image-108\" src=\"http:\/\/clis.co\/en\/wp-content\/uploads\/2016\/04\/soinda-300x119.png\" alt=\"soinda\" width=\"200\" height=\"79\" \/><\/a><\/p>\n<p style=\"text-align: justify;\">Ellas aportaron en cada una de las \u00e1reas su experiencia, conocimiento y calidad en cada uno de los procesos, dando resultado un complejo log\u00edstico innovador y vers\u00e1til para diferentes tipos de usuarios.<\/p>\n<p style=\"text-align: justify;\">En el a\u00f1o 2013 culmina la construcci\u00f3n de las 2 etapas y CLIS se consolida como uno de los centros log\u00edsticos m\u00e1s atractivos para empresas tanto nacionales como internacionales. Ofrecemos altos est\u00e1ndares de calidad seg\u00fan normas vigentes, \u00a0e implementamos a cabalidad el reglamento de construcci\u00f3n sismo resistente NSR-10. Para CLIS es imperativo no s\u00f3lo ofrecer espacios acorde a las necesidades de cada cliente, sino tambi\u00e9n proveer infraestructura y \u00e1reas de talla mundial.<\/p>\n<p>&nbsp;<\/p>\n<p><span style=\"color: #F78F1E;\"><em>Fue Invaluable el aporte que tuvo el Sr. Jorge Hadad para lograr materializar el sue\u00f1o de un complejo log\u00edstico de esta envergadura y luego implementar constantes mejoras e innovaciones, incluso despu\u00e9s de haber finalizado la construcci\u00f3n. \u00a1\u00a1Lo recordaremos hoy y siempre!!<\/em><\/span><\/p>\n<p>&nbsp;<\/p>\n<h1 class=\"page-header\" style=\"text-align: justify;\"><strong>LO QUE DICEN NUESTROS USUARIOS<\/strong><\/h1>\n<p style=\"text-align: justify;\"><em>\u201cPara nosotros como el Comedor de CLIS, ha sido muy interesante participar en este proyecto, siempre con la visi\u00f3n de convertirnos en un centro de servicios para la comunidad de CLIS. Hemos iniciado labores en la primera etapa, cubriendo las necesidades de alimentaci\u00f3n de la poblaci\u00f3n CLIS, con un alto est\u00e1ndar de calidad, atendemos no solo a la hora del almuerzo, sino tambi\u00e9n en la ma\u00f1ana con desayunos y refrigerios, en un corto plazo estaremos ofreciendo nuevos servicios como terminal Baloto para pago de servicio p\u00fablicos, \u00a0punto de recolecci\u00f3n de mensajer\u00eda, as\u00ed como oferta de productos b\u00e1sicos de papeler\u00eda y droguer\u00eda.<\/em><\/p>\n<p style=\"text-align: justify;\"><em>Creemos firmemente que nos convertiremos en la soluci\u00f3n a las necesidades b\u00e1sicas de las personas que tiene a CLIS\u00a0como su segundo hogar, con la seguridad que la experiencia en CLIS\u00a0nos permitir\u00e1 replicar este modelo de servicio en otros parques industriales.\u201d<\/em><\/p>\n<p style=\"text-align: justify;\"><strong>&#8211; El Comedor de CLIS<\/strong><\/p>\n<p>&nbsp;<\/p>\n<p style=\"text-align: justify;\"><em>\u201cPara el Caso de Suppla, estar ubicado en CLIS, permite el manejo de productos farma con una temperatura optima (por debajo de los 25\u00b0C), lo que mantiene a buen ambiente los productos.<\/em><\/p>\n<p style=\"text-align: justify;\"><em>En cuanto a Log\u00edstica de transporte aunque es un factor externo, lo hace un poco restrictivo, ya que tanto la llegada en la ma\u00f1ana, como el retorno en la tarde hacia Bogota, es congestionada por el flujo de veh\u00edculos en movimiento en estos horarios.<\/em><\/p>\n<p style=\"text-align: justify;\"><em>La seguridad del ingreso de veh\u00edculos, permite a nuestros clientes una alta confiabilidad en el manejo de sus productos durante su almacenamiento en el parque.\u201d<\/em><\/p>\n<p style=\"text-align: justify;\"><strong>&#8211; Suppla Log\u00edstica Inteligente<\/strong><\/p>\n","protected":false},"excerpt":{"rendered":"<p>CLIS (COMPLEJO LOGISTICO E INDUSTRIAL SIBERIA), ubicado en COTA-CUNDINAMARCA-COLOMBIA, se estableci\u00f3 en el 2008, como el resultado de la uni\u00f3n de 3 firmas con amplia experiencia en el sector industrial, log\u00edstico y de construcci\u00f3n. Con m\u00e1s de 127,000 m2 ofrece espacios modulares y flexibles para cada uno de sus usuarios a trav\u00e9s de los m\u00e1s [&hellip;]<\/p>\n","protected":false},"author":1,"featured_media":129,"parent":0,"menu_order":0,"comment_status":"closed","ping_status":"closed","template":"","meta":{"footnotes":""},"class_list":["post-7","page","type-page","status-publish","has-post-thumbnail","hentry"],"yoast_head":"<!-- This site is optimized with the Yoast SEO plugin v27.3 - https:\/\/yoast.com\/product\/yoast-seo-wordpress\/ -->\n<title>Acerca - Clis<\/title>\n<meta name=\"robots\" content=\"index, follow, max-snippet:-1, max-image-preview:large, max-video-preview:-1\" \/>\n<link rel=\"canonical\" href=\"http:\/\/clis.co\/en\/acerca\/\" \/>\n<meta property=\"og:locale\" content=\"en_US\" \/>\n<meta property=\"og:type\" content=\"article\" \/>\n<meta property=\"og:title\" content=\"Acerca - Clis\" \/>\n<meta property=\"og:description\" content=\"CLIS (COMPLEJO LOGISTICO E INDUSTRIAL SIBERIA), ubicado en COTA-CUNDINAMARCA-COLOMBIA, se estableci\u00f3 en el 2008, como el resultado de la uni\u00f3n de 3 firmas con amplia experiencia en el sector industrial, log\u00edstico y de construcci\u00f3n. Con m\u00e1s de 127,000 m2 ofrece espacios modulares y flexibles para cada uno de sus usuarios a trav\u00e9s de los m\u00e1s [&hellip;]\" \/>\n<meta property=\"og:url\" content=\"http:\/\/clis.co\/en\/acerca\/\" \/>\n<meta property=\"og:site_name\" content=\"Clis\" \/>\n<meta property=\"article:modified_time\" content=\"2016-08-27T08:17:05+00:00\" \/>\n<meta property=\"og:image\" content=\"http:\/\/clis.co\/en\/wp-content\/uploads\/2016\/04\/Clis-7.jpg\" \/>\n\t<meta property=\"og:image:width\" content=\"1325\" \/>\n\t<meta property=\"og:image:height\" content=\"435\" \/>\n\t<meta property=\"og:image:type\" content=\"image\/jpeg\" \/>\n<meta name=\"twitter:card\" content=\"summary_large_image\" \/>\n<meta name=\"twitter:label1\" content=\"Est. reading time\" \/>\n\t<meta name=\"twitter:data1\" content=\"3 minutes\" \/>\n<script type=\"application\/ld+json\" class=\"yoast-schema-graph\">{\"@context\":\"https:\\\/\\\/schema.org\",\"@graph\":[{\"@type\":\"WebPage\",\"@id\":\"http:\\\/\\\/clis.co\\\/en\\\/acerca\\\/\",\"url\":\"http:\\\/\\\/clis.co\\\/en\\\/acerca\\\/\",\"name\":\"Acerca - Clis\",\"isPartOf\":{\"@id\":\"http:\\\/\\\/clis.co\\\/en\\\/#website\"},\"primaryImageOfPage\":{\"@id\":\"http:\\\/\\\/clis.co\\\/en\\\/acerca\\\/#primaryimage\"},\"image\":{\"@id\":\"http:\\\/\\\/clis.co\\\/en\\\/acerca\\\/#primaryimage\"},\"thumbnailUrl\":\"http:\\\/\\\/clis.co\\\/en\\\/wp-content\\\/uploads\\\/2016\\\/04\\\/Clis-7.jpg\",\"datePublished\":\"2016-04-27T17:38:55+00:00\",\"dateModified\":\"2016-08-27T08:17:05+00:00\",\"breadcrumb\":{\"@id\":\"http:\\\/\\\/clis.co\\\/en\\\/acerca\\\/#breadcrumb\"},\"inLanguage\":\"en-US\",\"potentialAction\":[{\"@type\":\"ReadAction\",\"target\":[\"http:\\\/\\\/clis.co\\\/en\\\/acerca\\\/\"]}]},{\"@type\":\"ImageObject\",\"inLanguage\":\"en-US\",\"@id\":\"http:\\\/\\\/clis.co\\\/en\\\/acerca\\\/#primaryimage\",\"url\":\"http:\\\/\\\/clis.co\\\/en\\\/wp-content\\\/uploads\\\/2016\\\/04\\\/Clis-7.jpg\",\"contentUrl\":\"http:\\\/\\\/clis.co\\\/en\\\/wp-content\\\/uploads\\\/2016\\\/04\\\/Clis-7.jpg\",\"width\":1325,\"height\":435},{\"@type\":\"BreadcrumbList\",\"@id\":\"http:\\\/\\\/clis.co\\\/en\\\/acerca\\\/#breadcrumb\",\"itemListElement\":[{\"@type\":\"ListItem\",\"position\":1,\"name\":\"Home\",\"item\":\"http:\\\/\\\/clis.co\\\/en\\\/\"},{\"@type\":\"ListItem\",\"position\":2,\"name\":\"Acerca\"}]},{\"@type\":\"WebSite\",\"@id\":\"http:\\\/\\\/clis.co\\\/en\\\/#website\",\"url\":\"http:\\\/\\\/clis.co\\\/en\\\/\",\"name\":\"Clis\",\"description\":\"Just another WordPress site\",\"potentialAction\":[{\"@type\":\"SearchAction\",\"target\":{\"@type\":\"EntryPoint\",\"urlTemplate\":\"http:\\\/\\\/clis.co\\\/en\\\/?s={search_term_string}\"},\"query-input\":{\"@type\":\"PropertyValueSpecification\",\"valueRequired\":true,\"valueName\":\"search_term_string\"}}],\"inLanguage\":\"en-US\"}]}<\/script>\n<!-- \/ Yoast SEO plugin. -->","yoast_head_json":{"title":"Acerca - Clis","robots":{"index":"index","follow":"follow","max-snippet":"max-snippet:-1","max-image-preview":"max-image-preview:large","max-video-preview":"max-video-preview:-1"},"canonical":"http:\/\/clis.co\/en\/acerca\/","og_locale":"en_US","og_type":"article","og_title":"Acerca - Clis","og_description":"CLIS (COMPLEJO LOGISTICO E INDUSTRIAL SIBERIA), ubicado en COTA-CUNDINAMARCA-COLOMBIA, se estableci\u00f3 en el 2008, como el resultado de la uni\u00f3n de 3 firmas con amplia experiencia en el sector industrial, log\u00edstico y de construcci\u00f3n. Con m\u00e1s de 127,000 m2 ofrece espacios modulares y flexibles para cada uno de sus usuarios a trav\u00e9s de los m\u00e1s [&hellip;]","og_url":"http:\/\/clis.co\/en\/acerca\/","og_site_name":"Clis","article_modified_time":"2016-08-27T08:17:05+00:00","og_image":[{"width":1325,"height":435,"url":"http:\/\/clis.co\/en\/wp-content\/uploads\/2016\/04\/Clis-7.jpg","type":"image\/jpeg"}],"twitter_card":"summary_large_image","twitter_misc":{"Est. reading time":"3 minutes"},"schema":{"@context":"https:\/\/schema.org","@graph":[{"@type":"WebPage","@id":"http:\/\/clis.co\/en\/acerca\/","url":"http:\/\/clis.co\/en\/acerca\/","name":"Acerca - Clis","isPartOf":{"@id":"http:\/\/clis.co\/en\/#website"},"primaryImageOfPage":{"@id":"http:\/\/clis.co\/en\/acerca\/#primaryimage"},"image":{"@id":"http:\/\/clis.co\/en\/acerca\/#primaryimage"},"thumbnailUrl":"http:\/\/clis.co\/en\/wp-content\/uploads\/2016\/04\/Clis-7.jpg","datePublished":"2016-04-27T17:38:55+00:00","dateModified":"2016-08-27T08:17:05+00:00","breadcrumb":{"@id":"http:\/\/clis.co\/en\/acerca\/#breadcrumb"},"inLanguage":"en-US","potentialAction":[{"@type":"ReadAction","target":["http:\/\/clis.co\/en\/acerca\/"]}]},{"@type":"ImageObject","inLanguage":"en-US","@id":"http:\/\/clis.co\/en\/acerca\/#primaryimage","url":"http:\/\/clis.co\/en\/wp-content\/uploads\/2016\/04\/Clis-7.jpg","contentUrl":"http:\/\/clis.co\/en\/wp-content\/uploads\/2016\/04\/Clis-7.jpg","width":1325,"height":435},{"@type":"BreadcrumbList","@id":"http:\/\/clis.co\/en\/acerca\/#breadcrumb","itemListElement":[{"@type":"ListItem","position":1,"name":"Home","item":"http:\/\/clis.co\/en\/"},{"@type":"ListItem","position":2,"name":"Acerca"}]},{"@type":"WebSite","@id":"http:\/\/clis.co\/en\/#website","url":"http:\/\/clis.co\/en\/","name":"Clis","description":"Just another WordPress site","potentialAction":[{"@type":"SearchAction","target":{"@type":"EntryPoint","urlTemplate":"http:\/\/clis.co\/en\/?s={search_term_string}"},"query-input":{"@type":"PropertyValueSpecification","valueRequired":true,"valueName":"search_term_string"}}],"inLanguage":"en-US"}]}},"_links":{"self":[{"href":"http:\/\/clis.co\/en\/wp-json\/wp\/v2\/pages\/7","targetHints":{"allow":["GET"]}}],"collection":[{"href":"http:\/\/clis.co\/en\/wp-json\/wp\/v2\/pages"}],"about":[{"href":"http:\/\/clis.co\/en\/wp-json\/wp\/v2\/types\/page"}],"author":[{"embeddable":true,"href":"http:\/\/clis.co\/en\/wp-json\/wp\/v2\/users\/1"}],"replies":[{"embeddable":true,"href":"http:\/\/clis.co\/en\/wp-json\/wp\/v2\/comments?post=7"}],"version-history":[{"count":28,"href":"http:\/\/clis.co\/en\/wp-json\/wp\/v2\/pages\/7\/revisions"}],"predecessor-version":[{"id":209,"href":"http:\/\/clis.co\/en\/wp-json\/wp\/v2\/pages\/7\/revisions\/209"}],"wp:featuredmedia":[{"embeddable":true,"href":"http:\/\/clis.co\/en\/wp-json\/wp\/v2\/media\/129"}],"wp:attachment":[{"href":"http:\/\/clis.co\/en\/wp-json\/wp\/v2\/media?parent=7"}],"curies":[{"name":"wp","href":"https:\/\/api.w.org\/{rel}","templated":true}]}}